{"id":139,"date":"2017-06-16T13:24:23","date_gmt":"2017-06-16T10:24:23","guid":{"rendered":"http:\/\/www.roppanen.fi\/blogi\/?page_id=139"},"modified":"2020-04-12T20:50:31","modified_gmt":"2020-04-12T18:50:31","slug":"teemat","status":"publish","type":"page","link":"https:\/\/www.roppanen.fi\/index.php\/teemat\/","title":{"rendered":"ARVOT"},"content":{"rendered":"<div class=\"header\">\n<h2>Keuruu ja Keski-Suomen maakunta pidett\u00e4v\u00e4 elinvoimaisena! Ensin Suomalainen ty\u00f6 ja yritt\u00e4minen, peruspalveluita unohtamatta.<\/h2>\n<\/div>\n<div class=\"content\">\n<div class=\"kskpages_container\" data-kskpage-id=\"0\">\n<div class=\"madpages_component ksk_first_component \" data-kskpage-component-id=\"0\">\n<div class=\"madpage_htmleditor_component_container\">\n<div id=\"madpages_element_htmleditor_6\" class=\"madpages_element madpages_htmleditor\" data-ksk-type=\"htmleditor\" data-ksk-el-id=\"6\">\n<div>\n<p>&#8211; Keuruu s\u00e4ilytett\u00e4v\u00e4 elinvoimaisena. Peruspalvelut s\u00e4ilytett\u00e4v\u00e4 tarvitsijoiden ulottuvilla, aina vauvasta vaariin ja kaikille silt\u00e4 v\u00e4lilt\u00e4.<\/p>\n<p>&#8211; Kaikilla pit\u00e4\u00e4 olla jatkossakin mahdollisuudet osallistua omaan asuinymp\u00e4rist\u00f6\u00f6n vaikuttavaan p\u00e4\u00e4t\u00f6ksentekoon.<\/p>\n<p>&#8211; Luonto, turvallisuus ja yhteis\u00f6llisyys ovat arvoja, joita meid\u00e4n on vaalittava.<\/p>\n<\/div>\n<\/div>\n<\/div>\n<\/div>\n<\/div>\n<\/div>\n","protected":false},"excerpt":{"rendered":"<p>Keuruu ja Keski-Suomen maakunta pidett\u00e4v\u00e4 elinvoimaisena! Ensin Suomalainen ty\u00f6 ja yritt\u00e4minen, peruspalveluita unohtamatta. &#8211; Keuruu s\u00e4ilytett\u00e4v\u00e4 elinvoimaisena. Peruspalvelut s\u00e4ilytett\u00e4v\u00e4 tarvitsijoiden ulottuvilla, aina vauvasta vaariin ja kaikille silt\u00e4 v\u00e4lilt\u00e4. &#8211; Kaikilla pit\u00e4\u00e4 olla jatkossakin mahdollisuudet osallistua omaan asuinymp\u00e4rist\u00f6\u00f6n vaikuttavaan p\u00e4\u00e4t\u00f6ksentekoon. &#8211; Luonto, turvallisuus ja yhteis\u00f6llisyys ovat arvoja, joita meid\u00e4n on vaalittava.<\/p>\n","protected":false},"author":1,"featured_media":0,"parent":0,"menu_order":0,"comment_status":"closed","ping_status":"closed","template":"","meta":{"footnotes":""},"class_list":["post-139","page","type-page","status-publish","hentry"],"_links":{"self":[{"href":"https:\/\/www.roppanen.fi\/index.php\/wp-json\/wp\/v2\/pages\/139","targetHints":{"allow":["GET"]}}],"collection":[{"href":"https:\/\/www.roppanen.fi\/index.php\/wp-json\/wp\/v2\/pages"}],"about":[{"href":"https:\/\/www.roppanen.fi\/index.php\/wp-json\/wp\/v2\/types\/page"}],"author":[{"embeddable":true,"href":"https:\/\/www.roppanen.fi\/index.php\/wp-json\/wp\/v2\/users\/1"}],"replies":[{"embeddable":true,"href":"https:\/\/www.roppanen.fi\/index.php\/wp-json\/wp\/v2\/comments?post=139"}],"version-history":[{"count":2,"href":"https:\/\/www.roppanen.fi\/index.php\/wp-json\/wp\/v2\/pages\/139\/revisions"}],"predecessor-version":[{"id":224,"href":"https:\/\/www.roppanen.fi\/index.php\/wp-json\/wp\/v2\/pages\/139\/revisions\/224"}],"wp:attachment":[{"href":"https:\/\/www.roppanen.fi\/index.php\/wp-json\/wp\/v2\/media?parent=139"}],"curies":[{"name":"wp","href":"https:\/\/api.w.org\/{rel}","templated":true}]}}